{"id":8,"date":"2024-06-05T19:03:35","date_gmt":"2024-06-05T19:03:35","guid":{"rendered":"http:\/\/netzwerk-langendreer.de\/?page_id=8"},"modified":"2024-07-04T14:19:49","modified_gmt":"2024-07-04T14:19:49","slug":"ueber-uns","status":"publish","type":"page","link":"https:\/\/netzwerk-langendreer.de\/en\/ueber-uns\/","title":{"rendered":"About us"},"content":{"rendered":"<p>Im Sommer 2015 hat sich das Netzwerk Fl\u00fcchtlinge Langendreer gegr\u00fcndet, um die Gefl\u00fcchteten, die hier in unserem Stadtteil ankommen, willkommen zu hei\u00dfen und sie beim Start in das neue Leben zu unterst\u00fctzen.<\/p>\n\n\n\n<p>Wir sind ein offener Zusammenschluss von Menschen, die Alltagshilfe und eine Reihe von Aktivit\u00e4ten f\u00fcr und mit Gefl\u00fcchteten organisieren. Vereine, Institutionen, kirchliche Einrichtungen und eine gro\u00dfe Zahl von einzelnen Personen wirken als Helfer:innen, Unterst\u00fctzer:innen und Aktive dabei mit.<\/p>\n\n\n<div class=\"wp-block-image\">\n<figure class=\"aligncenter size-full\"><img loading=\"lazy\" decoding=\"async\" width=\"315\" height=\"314\" src=\"https:\/\/netzwerk-langendreer.de\/wp-content\/uploads\/2024\/07\/Flyer.jpeg\" alt=\"\" class=\"wp-image-182\" srcset=\"https:\/\/netzwerk-langendreer.de\/wp-content\/uploads\/2024\/07\/Flyer.jpeg 315w, https:\/\/netzwerk-langendreer.de\/wp-content\/uploads\/2024\/07\/Flyer-300x300.jpeg 300w, https:\/\/netzwerk-langendreer.de\/wp-content\/uploads\/2024\/07\/Flyer-150x150.jpeg 150w, https:\/\/netzwerk-langendreer.de\/wp-content\/uploads\/2024\/07\/Flyer-12x12.jpeg 12w\" sizes=\"(max-width: 315px) 85vw, 315px\" \/><\/figure><\/div>\n\n\n<p>Zu den regelm\u00e4\u00dfigen festen Angeboten geh\u00f6ren z.B. offene Hausaufgaben- und Nachhilfestunden, Deutschunterricht, das monatliche Begegnungscaf\u00e9, Ferienaktivit\u00e4ten, Ausfl\u00fcge und mehr. Zudem unterst\u00fctzen wir Gefl\u00fcchtete auch darin, ihre Interessen und Rechte wahrzunehmen und zu vertreten.<\/p>\n\n\n\n<p>Au\u00dferdem kann nach Bedarf individuelle Unterst\u00fctzung organisiert werden, wie Begleitung und \u00dcbersetzungshilfe oder Umzug und Einrichtung.<\/p>\n\n\n\n<p>Die Koordination untereinander finden \u00fcber die monatlichen Treffen und \u00fcber einen Mailverteiler statt, \u00fcber den Informationen, Angebote und Bedarf kommuniziert werden. Mitwirkende sind immer herzlich willkommen!<\/p>\n\n\n\n<figure class=\"wp-block-image size-large\"><img loading=\"lazy\" decoding=\"async\" width=\"1024\" height=\"683\" src=\"http:\/\/netzwerk-langendreer.de\/wp-content\/uploads\/2024\/06\/308649298_131232612999647_2328171877476109862_n-1024x683.jpg\" alt=\"\" class=\"wp-image-153\" srcset=\"https:\/\/netzwerk-langendreer.de\/wp-content\/uploads\/2024\/06\/308649298_131232612999647_2328171877476109862_n-1024x683.jpg 1024w, https:\/\/netzwerk-langendreer.de\/wp-content\/uploads\/2024\/06\/308649298_131232612999647_2328171877476109862_n-300x200.jpg 300w, https:\/\/netzwerk-langendreer.de\/wp-content\/uploads\/2024\/06\/308649298_131232612999647_2328171877476109862_n-768x512.jpg 768w, https:\/\/netzwerk-langendreer.de\/wp-content\/uploads\/2024\/06\/308649298_131232612999647_2328171877476109862_n-1536x1024.jpg 1536w, https:\/\/netzwerk-langendreer.de\/wp-content\/uploads\/2024\/06\/308649298_131232612999647_2328171877476109862_n-1200x800.jpg 1200w, https:\/\/netzwerk-langendreer.de\/wp-content\/uploads\/2024\/06\/308649298_131232612999647_2328171877476109862_n.jpg 1836w\" sizes=\"(max-width: 709px) 85vw, (max-width: 909px) 67vw, (max-width: 1362px) 62vw, 840px\" \/><\/figure>\n\n\n\n<p><\/p>\n\n\n\n<p><strong>Offenes Netzwerktreffen<\/strong><br>Jeweils 1. Dienstag im Monat, 18.00 Uhr, Bahnhof Langendreer<\/p>","protected":false},"excerpt":{"rendered":"<p>Im Sommer 2015 hat sich das Netzwerk Fl\u00fcchtlinge Langendreer gegr\u00fcndet, um die Gefl\u00fcchteten, die hier in unserem Stadtteil ankommen, willkommen zu hei\u00dfen und sie beim Start in das neue Leben zu unterst\u00fctzen. Wir sind ein offener Zusammenschluss von Menschen, die Alltagshilfe und eine Reihe von Aktivit\u00e4ten f\u00fcr und mit Gefl\u00fcchteten organisieren. Vereine, Institutionen, kirchliche Einrichtungen &hellip; <a href=\"https:\/\/netzwerk-langendreer.de\/en\/ueber-uns\/\" class=\"more-link\">Continue reading<span class=\"screen-reader-text\"> &#8222;\u00dcber uns&#8220;<\/span><\/a><\/p>","protected":false},"author":1,"featured_media":0,"parent":0,"menu_order":0,"comment_status":"closed","ping_status":"closed","template":"","meta":{"_mc_calendar":[],"footnotes":""},"_links":{"self":[{"href":"https:\/\/netzwerk-langendreer.de\/en\/wp-json\/wp\/v2\/pages\/8"}],"collection":[{"href":"https:\/\/netzwerk-langendreer.de\/en\/wp-json\/wp\/v2\/pages"}],"about":[{"href":"https:\/\/netzwerk-langendreer.de\/en\/wp-json\/wp\/v2\/types\/page"}],"author":[{"embeddable":true,"href":"https:\/\/netzwerk-langendreer.de\/en\/wp-json\/wp\/v2\/users\/1"}],"replies":[{"embeddable":true,"href":"https:\/\/netzwerk-langendreer.de\/en\/wp-json\/wp\/v2\/comments?post=8"}],"version-history":[{"count":9,"href":"https:\/\/netzwerk-langendreer.de\/en\/wp-json\/wp\/v2\/pages\/8\/revisions"}],"predecessor-version":[{"id":183,"href":"https:\/\/netzwerk-langendreer.de\/en\/wp-json\/wp\/v2\/pages\/8\/revisions\/183"}],"wp:attachment":[{"href":"https:\/\/netzwerk-langendreer.de\/en\/wp-json\/wp\/v2\/media?parent=8"}],"curies":[{"name":"wp","href":"https:\/\/api.w.org\/{rel}","templated":true}]}}